{"id":249,"date":"2019-12-04T11:42:39","date_gmt":"2019-12-04T10:42:39","guid":{"rendered":"https:\/\/felberholzbau.eu\/?page_id=249"},"modified":"2020-10-15T09:35:57","modified_gmt":"2020-10-15T09:35:57","slug":"home","status":"publish","type":"page","link":"https:\/\/felberholzbau.eu\/de\/","title":{"rendered":"HOME"},"content":{"rendered":"","protected":false},"excerpt":{"rendered":"","protected":false},"author":1,"featured_media":0,"parent":0,"menu_order":0,"comment_status":"closed","ping_status":"closed","template":"","meta":[],"yoast_head":"<!-- This site is optimized with the Yoast SEO plugin v15.1 - https:\/\/yoast.com\/wordpress\/plugins\/seo\/ -->\n<title>Felber Holzbau - Dachkonstruktionsbau &amp; Dachschalung<\/title>\n<meta name=\"description\" content=\"Egal welche Art von Zimmermannarbeit, im Laufe unserer Auftr\u00e4ge unterst\u00fctzen wir unsere Auftraggeber immer mit komplexen L\u00f6sungen.\" \/>\n<meta name=\"robots\" content=\"index, follow, max-snippet:-1, max-image-preview:large, max-video-preview:-1\" \/>\n<link rel=\"canonical\" href=\"https:\/\/felberholzbau.eu\/de\/\" \/>\n<meta property=\"og:locale\" content=\"de_DE\" \/>\n<meta property=\"og:type\" content=\"article\" \/>\n<meta property=\"og:title\" content=\"Felber Holzbau - Dachkonstruktionsbau &amp; Dachschalung\" \/>\n<meta property=\"og:description\" content=\"Egal welche Art von Zimmermannarbeit, im Laufe unserer Auftr\u00e4ge unterst\u00fctzen wir unsere Auftraggeber immer mit komplexen L\u00f6sungen.\" \/>\n<meta property=\"og:url\" content=\"https:\/\/felberholzbau.eu\/de\/\" \/>\n<meta property=\"og:site_name\" content=\"Felber Holzbau\" \/>\n<meta property=\"article:modified_time\" content=\"2020-10-15T09:35:57+00:00\" \/>\n<meta name=\"twitter:card\" content=\"summary_large_image\" \/>\n<script type=\"application\/ld+json\" class=\"yoast-schema-graph\">{\"@context\":\"https:\/\/schema.org\",\"@graph\":[{\"@type\":\"Organization\",\"@id\":\"https:\/\/felberholzbau.eu\/de\/#organization\",\"name\":\"Felber Holzbau Kft.\",\"url\":\"https:\/\/felberholzbau.eu\/de\/\",\"sameAs\":[],\"logo\":{\"@type\":\"ImageObject\",\"@id\":\"https:\/\/felberholzbau.eu\/de\/#logo\",\"inLanguage\":\"de\",\"url\":\"https:\/\/felberholzbau.eu\/wp-content\/uploads\/2020\/10\/felber_logo_264x160_retina.png\",\"width\":1100,\"height\":667,\"caption\":\"Felber Holzbau Kft.\"},\"image\":{\"@id\":\"https:\/\/felberholzbau.eu\/de\/#logo\"}},{\"@type\":\"WebSite\",\"@id\":\"https:\/\/felberholzbau.eu\/de\/#website\",\"url\":\"https:\/\/felberholzbau.eu\/de\/\",\"name\":\"Felber Holzbau\",\"description\":\"Ott vagyunk a tet\\u0151n\",\"publisher\":{\"@id\":\"https:\/\/felberholzbau.eu\/de\/#organization\"},\"potentialAction\":[{\"@type\":\"SearchAction\",\"target\":\"https:\/\/felberholzbau.eu\/de\/?s={search_term_string}\",\"query-input\":\"required name=search_term_string\"}],\"inLanguage\":\"de\"},{\"@type\":\"WebPage\",\"@id\":\"https:\/\/felberholzbau.eu\/de\/#webpage\",\"url\":\"https:\/\/felberholzbau.eu\/de\/\",\"name\":\"Felber Holzbau - Dachkonstruktionsbau & Dachschalung\",\"isPartOf\":{\"@id\":\"https:\/\/felberholzbau.eu\/de\/#website\"},\"datePublished\":\"2019-12-04T10:42:39+00:00\",\"dateModified\":\"2020-10-15T09:35:57+00:00\",\"description\":\"Egal welche Art von Zimmermannarbeit, im Laufe unserer Auftr\\u00e4ge unterst\\u00fctzen wir unsere Auftraggeber immer mit komplexen L\\u00f6sungen.\",\"inLanguage\":\"de\",\"potentialAction\":[{\"@type\":\"ReadAction\",\"target\":[\"https:\/\/felberholzbau.eu\/de\/\"]}]}]}<\/script>\n<!-- \/ Yoast SEO plugin. -->","_links":{"self":[{"href":"https:\/\/felberholzbau.eu\/de\/wp-json\/wp\/v2\/pages\/249\/"}],"collection":[{"href":"https:\/\/felberholzbau.eu\/de\/wp-json\/wp\/v2\/pages\/"}],"about":[{"href":"https:\/\/felberholzbau.eu\/de\/wp-json\/wp\/v2\/types\/page\/"}],"author":[{"embeddable":true,"href":"https:\/\/felberholzbau.eu\/de\/wp-json\/wp\/v2\/users\/1\/"}],"replies":[{"embeddable":true,"href":"https:\/\/felberholzbau.eu\/de\/wp-json\/wp\/v2\/comments\/?post=249"}],"version-history":[{"count":1,"href":"https:\/\/felberholzbau.eu\/de\/wp-json\/wp\/v2\/pages\/249\/revisions\/"}],"predecessor-version":[{"id":259,"href":"https:\/\/felberholzbau.eu\/de\/wp-json\/wp\/v2\/pages\/249\/revisions\/259\/"}],"wp:attachment":[{"href":"https:\/\/felberholzbau.eu\/de\/wp-json\/wp\/v2\/media\/?parent=249"}],"curies":[{"name":"wp","href":"https:\/\/api.w.org\/{rel}","templated":true}]}}